{"id":138,"date":"2023-08-01T09:36:54","date_gmt":"2023-08-01T12:36:54","guid":{"rendered":"https:\/\/cristalesbaires.com.ar\/?post_type=product&#038;p=138"},"modified":"2023-08-01T09:38:28","modified_gmt":"2023-08-01T12:38:28","slug":"vesta","status":"publish","type":"product","link":"https:\/\/cristalesbaires.com.ar\/index.php\/producto\/vesta\/","title":{"rendered":"Vesta"},"content":{"rendered":"\n<p>Es un sistema de alta prestaci\u00f3n liviano que brinda una soluci\u00f3n pr\u00e1ctica, est\u00e9tica y de calidad a todo tipo de viviendas y edificios, de acuerdo a los est\u00e1ndares constructivos y arquitect\u00f3nicos de la actualidad.<\/p>\n","protected":false},"excerpt":{"rendered":"<p>Tipolog\u00edas disponibles<br \/>\u203a Ventana desplazable<br \/>\u203a Ventana de abrir oscilobatiente<br \/>\u203a Puerta de rebatir<br \/>\u203a Ventana banderola<br \/>\u203a Ventana ventiluz<br \/>\u203a Ventana y puerta corrediza a 45\u00ba<\/p>\n","protected":false},"featured_media":129,"comment_status":"open","ping_status":"closed","template":"","meta":{"_et_pb_use_builder":"","_et_pb_old_content":"","_et_gb_content_width":"","_joinchat":[]},"product_cat":[18],"product_tag":[],"class_list":["post-138","product","type-product","status-publish","has-post-thumbnail","hentry","product_cat-sin-categorizar"],"_links":{"self":[{"href":"https:\/\/cristalesbaires.com.ar\/index.php\/wp-json\/wp\/v2\/product\/138"}],"collection":[{"href":"https:\/\/cristalesbaires.com.ar\/index.php\/wp-json\/wp\/v2\/product"}],"about":[{"href":"https:\/\/cristalesbaires.com.ar\/index.php\/wp-json\/wp\/v2\/types\/product"}],"replies":[{"embeddable":true,"href":"https:\/\/cristalesbaires.com.ar\/index.php\/wp-json\/wp\/v2\/comments?post=138"}],"wp:featuredmedia":[{"embeddable":true,"href":"https:\/\/cristalesbaires.com.ar\/index.php\/wp-json\/wp\/v2\/media\/129"}],"wp:attachment":[{"href":"https:\/\/cristalesbaires.com.ar\/index.php\/wp-json\/wp\/v2\/media?parent=138"}],"wp:term":[{"taxonomy":"product_cat","embeddable":true,"href":"https:\/\/cristalesbaires.com.ar\/index.php\/wp-json\/wp\/v2\/product_cat?post=138"},{"taxonomy":"product_tag","embeddable":true,"href":"https:\/\/cristalesbaires.com.ar\/index.php\/wp-json\/wp\/v2\/product_tag?post=138"}],"curies":[{"name":"wp","href":"https:\/\/api.w.org\/{rel}","templated":true}]}}