{"id":137,"date":"2023-08-01T09:35:12","date_gmt":"2023-08-01T12:35:12","guid":{"rendered":"https:\/\/cristalesbaires.com.ar\/?post_type=product&#038;p=137"},"modified":"2023-08-01T09:36:28","modified_gmt":"2023-08-01T12:36:28","slug":"modena","status":"publish","type":"product","link":"https:\/\/cristalesbaires.com.ar\/index.php\/producto\/modena\/","title":{"rendered":"M\u00f3dena"},"content":{"rendered":"\n<p>Es el Sistema m\u00e1s tradicional que ha creado un est\u00e1ndar debido a su dise\u00f1o y al equilibrio peso\/resistencia. Su uso extendido lo transforma en el sistema m\u00e1s consolidado del mercado. La versatilidad del sistema le permite adaptarse a todo tipo de proyectos con aberturas de tama\u00f1o standard y \u00f3ptima performance.<\/p>\n","protected":false},"excerpt":{"rendered":"<p>Tipolog\u00edas disponibles<br \/>\u203a Ventana desplazable<br \/>\u203a Ventana y Puerta Corrediza corte a 45\u00b0<br \/>\u203a Ventana de abrir oscilobatiente<br \/>\u203a Puerta de rebatir<br \/>\u203a Ventana banderola<br \/>\u203a Ventana ventiluz<br \/>\u203a Ventana y puerta corrediza corte a 90\u00ba<\/p>\n","protected":false},"featured_media":126,"comment_status":"open","ping_status":"closed","template":"","meta":{"_et_pb_use_builder":"","_et_pb_old_content":"","_et_gb_content_width":"","_joinchat":[]},"product_cat":[18],"product_tag":[],"class_list":["post-137","product","type-product","status-publish","has-post-thumbnail","hentry","product_cat-sin-categorizar"],"_links":{"self":[{"href":"https:\/\/cristalesbaires.com.ar\/index.php\/wp-json\/wp\/v2\/product\/137"}],"collection":[{"href":"https:\/\/cristalesbaires.com.ar\/index.php\/wp-json\/wp\/v2\/product"}],"about":[{"href":"https:\/\/cristalesbaires.com.ar\/index.php\/wp-json\/wp\/v2\/types\/product"}],"replies":[{"embeddable":true,"href":"https:\/\/cristalesbaires.com.ar\/index.php\/wp-json\/wp\/v2\/comments?post=137"}],"wp:featuredmedia":[{"embeddable":true,"href":"https:\/\/cristalesbaires.com.ar\/index.php\/wp-json\/wp\/v2\/media\/126"}],"wp:attachment":[{"href":"https:\/\/cristalesbaires.com.ar\/index.php\/wp-json\/wp\/v2\/media?parent=137"}],"wp:term":[{"taxonomy":"product_cat","embeddable":true,"href":"https:\/\/cristalesbaires.com.ar\/index.php\/wp-json\/wp\/v2\/product_cat?post=137"},{"taxonomy":"product_tag","embeddable":true,"href":"https:\/\/cristalesbaires.com.ar\/index.php\/wp-json\/wp\/v2\/product_tag?post=137"}],"curies":[{"name":"wp","href":"https:\/\/api.w.org\/{rel}","templated":true}]}}