{"id":136,"date":"2023-08-01T09:31:08","date_gmt":"2023-08-01T12:31:08","guid":{"rendered":"https:\/\/cristalesbaires.com.ar\/?post_type=product&#038;p=136"},"modified":"2024-08-09T17:54:18","modified_gmt":"2024-08-09T20:54:18","slug":"modena-2","status":"publish","type":"product","link":"https:\/\/cristalesbaires.com.ar\/index.php\/producto\/modena-2\/","title":{"rendered":"M\u00f3dena 2"},"content":{"rendered":"\n<p>M\u00f3dena 2 es la evoluci\u00f3n del tradicional sistema M\u00f3dena en cuanto a tecnolog\u00eda, calidad, dise\u00f1o y funcionalidad.<\/p>\n","protected":false},"excerpt":{"rendered":"<p>Tipolog\u00edas disponibles<br \/>\u203a Ventana desplazable<br \/>\u203a Ventana y Puerta Corrediza corte a 45\u00b0<br \/>\u203a Ventana de abrir oscilobatiente<br \/>\u203a Puerta de rebatir<br \/>\u203a Ventana banderola<br \/>\u203a Postig\u00f3n de rebatir<br \/>\u203a Ventana ventiluz<br \/>\u203a Ventana y puerta corrediza corte a 90\u00ba<br \/>\u203a Ventana Guillotina<\/p>\n","protected":false},"featured_media":127,"comment_status":"open","ping_status":"closed","template":"","meta":{"_et_pb_use_builder":"","_et_pb_old_content":"","_et_gb_content_width":"","_joinchat":[]},"product_cat":[18],"product_tag":[],"class_list":["post-136","product","type-product","status-publish","has-post-thumbnail","hentry","product_cat-sin-categorizar"],"_links":{"self":[{"href":"https:\/\/cristalesbaires.com.ar\/index.php\/wp-json\/wp\/v2\/product\/136"}],"collection":[{"href":"https:\/\/cristalesbaires.com.ar\/index.php\/wp-json\/wp\/v2\/product"}],"about":[{"href":"https:\/\/cristalesbaires.com.ar\/index.php\/wp-json\/wp\/v2\/types\/product"}],"replies":[{"embeddable":true,"href":"https:\/\/cristalesbaires.com.ar\/index.php\/wp-json\/wp\/v2\/comments?post=136"}],"wp:featuredmedia":[{"embeddable":true,"href":"https:\/\/cristalesbaires.com.ar\/index.php\/wp-json\/wp\/v2\/media\/127"}],"wp:attachment":[{"href":"https:\/\/cristalesbaires.com.ar\/index.php\/wp-json\/wp\/v2\/media?parent=136"}],"wp:term":[{"taxonomy":"product_cat","embeddable":true,"href":"https:\/\/cristalesbaires.com.ar\/index.php\/wp-json\/wp\/v2\/product_cat?post=136"},{"taxonomy":"product_tag","embeddable":true,"href":"https:\/\/cristalesbaires.com.ar\/index.php\/wp-json\/wp\/v2\/product_tag?post=136"}],"curies":[{"name":"wp","href":"https:\/\/api.w.org\/{rel}","templated":true}]}}