{"id":134,"date":"2023-08-01T09:28:20","date_gmt":"2023-08-01T12:28:20","guid":{"rendered":"https:\/\/cristalesbaires.com.ar\/?post_type=product&#038;p=134"},"modified":"2024-08-10T05:13:42","modified_gmt":"2024-08-10T08:13:42","slug":"a30-new","status":"publish","type":"product","link":"https:\/\/cristalesbaires.com.ar\/index.php\/producto\/a30-new\/","title":{"rendered":"A30 New"},"content":{"rendered":"\n<p>El estilo y elegancia de sus l\u00edneas redondeadas, sus amplias posibilidades constructivas y la variedad de tipolog\u00edas, hacen de A30New una opci\u00f3n de alta prestaci\u00f3n en la realizaci\u00f3n de los proyectos m\u00e1s tradicionales y variados.<\/p>\n","protected":false},"excerpt":{"rendered":"<p>Tipolog\u00edas disponibles<br \/>\u203a Ventana desplazable<br \/>\u203a Ventana y Puerta corrediza de 2, 3 y 4 hojas<br \/>\u203a Ventana de abrir 1 y 2 hojas \/ Oscilobatiente<br \/>\u203a Puerta vaiv\u00e9n de 1 y 2 hojas<br \/>\u203a Pa\u00f1o Fijo<br \/>\u203a Puerta de Rebatir 1 y 2 hojas \/ Plegadiza<\/p>\n","protected":false},"featured_media":135,"comment_status":"open","ping_status":"closed","template":"","meta":{"_et_pb_use_builder":"","_et_pb_old_content":"","_et_gb_content_width":"","_joinchat":[]},"product_cat":[18],"product_tag":[],"class_list":["post-134","product","type-product","status-publish","has-post-thumbnail","hentry","product_cat-sin-categorizar"],"_links":{"self":[{"href":"https:\/\/cristalesbaires.com.ar\/index.php\/wp-json\/wp\/v2\/product\/134"}],"collection":[{"href":"https:\/\/cristalesbaires.com.ar\/index.php\/wp-json\/wp\/v2\/product"}],"about":[{"href":"https:\/\/cristalesbaires.com.ar\/index.php\/wp-json\/wp\/v2\/types\/product"}],"replies":[{"embeddable":true,"href":"https:\/\/cristalesbaires.com.ar\/index.php\/wp-json\/wp\/v2\/comments?post=134"}],"wp:featuredmedia":[{"embeddable":true,"href":"https:\/\/cristalesbaires.com.ar\/index.php\/wp-json\/wp\/v2\/media\/135"}],"wp:attachment":[{"href":"https:\/\/cristalesbaires.com.ar\/index.php\/wp-json\/wp\/v2\/media?parent=134"}],"wp:term":[{"taxonomy":"product_cat","embeddable":true,"href":"https:\/\/cristalesbaires.com.ar\/index.php\/wp-json\/wp\/v2\/product_cat?post=134"},{"taxonomy":"product_tag","embeddable":true,"href":"https:\/\/cristalesbaires.com.ar\/index.php\/wp-json\/wp\/v2\/product_tag?post=134"}],"curies":[{"name":"wp","href":"https:\/\/api.w.org\/{rel}","templated":true}]}}