{"id":133,"date":"2023-08-01T09:21:58","date_gmt":"2023-08-01T12:21:58","guid":{"rendered":"https:\/\/cristalesbaires.com.ar\/?post_type=product&#038;p=133"},"modified":"2024-09-14T22:56:39","modified_gmt":"2024-09-15T01:56:39","slug":"a40","status":"publish","type":"product","link":"https:\/\/cristalesbaires.com.ar\/index.php\/producto\/a40\/","title":{"rendered":"A40"},"content":{"rendered":"\n<p>Este sistema de alta prestaci\u00f3n reemplaza al tradicional sistema A30New.<\/p>\n\n\n\n<p>Con un innovador dise\u00f1o minimalista de bordes rectos A40 es una l\u00ednea de alta gama que permite aberturas de gran tama\u00f1o y versatilidad, siendo ideal para ser utilizada tanto en viviendas como en altura.<\/p>\n\n\n\n<p>A40 utiliza accesorios de alta calidad que le brinda excelente maniobrabilidad, dise\u00f1o y \u00f3ptimo funcionamiento:<\/p>\n\n\n\n<p>\u00daltimos Lanzamientos:<\/p>\n\n\n\n<p>La tipolog\u00eda de&nbsp;<strong>Ventana y Puerta corrediza + Pa\u00f1o fijo<\/strong>&nbsp;que permite combinar hojas de puertas y ventanas corredizas con pa\u00f1o fijo, obteniendo as\u00ed mayores superficies vidriadas con la misma calidad y prestaci\u00f3n privilegiando las vistas al exterior. Esta opci\u00f3n dar\u00e1 una mayor entrada de luz y una gran sensaci\u00f3n de amplitud a los ambientes y es una alternativa de dise\u00f1o de fachadas.<\/p>\n\n\n\n<p>La tipolog\u00eda&nbsp;<strong>Puerta Corrediza 4 gu\u00edas<\/strong>, una nueva opci\u00f3n que permite obtener una amplia apertura de las hojas para maximizar la conexi\u00f3n del espacio interior con el exterior ideal para su utilizaci\u00f3n en salones de usos m\u00faltiples (SUM), locales comerciales, livings, expansiones y quinchos.<\/p>\n","protected":false},"excerpt":{"rendered":"<p>Tipolog\u00edas disponibles<br \/>\u203a Ventana desplazable<br \/>\u203a Puerta de rebatir de 1 y 2 hojas<br \/>\u203a Ventana de abrir 1 y 2 hojas \/ Oscilobatiente<br \/>\u203a Pa\u00f1o Fijo<br \/>\u203a Ventana y Puerta Corrediza Alzante New X<br \/>\u203a Ventana y Puerta Corrediza Alzante Gos-s<\/p>\n","protected":false},"featured_media":122,"comment_status":"open","ping_status":"closed","template":"","meta":{"_et_pb_use_builder":"","_et_pb_old_content":"","_et_gb_content_width":"","_joinchat":[]},"product_cat":[18],"product_tag":[],"class_list":["post-133","product","type-product","status-publish","has-post-thumbnail","hentry","product_cat-sin-categorizar"],"_links":{"self":[{"href":"https:\/\/cristalesbaires.com.ar\/index.php\/wp-json\/wp\/v2\/product\/133"}],"collection":[{"href":"https:\/\/cristalesbaires.com.ar\/index.php\/wp-json\/wp\/v2\/product"}],"about":[{"href":"https:\/\/cristalesbaires.com.ar\/index.php\/wp-json\/wp\/v2\/types\/product"}],"replies":[{"embeddable":true,"href":"https:\/\/cristalesbaires.com.ar\/index.php\/wp-json\/wp\/v2\/comments?post=133"}],"wp:featuredmedia":[{"embeddable":true,"href":"https:\/\/cristalesbaires.com.ar\/index.php\/wp-json\/wp\/v2\/media\/122"}],"wp:attachment":[{"href":"https:\/\/cristalesbaires.com.ar\/index.php\/wp-json\/wp\/v2\/media?parent=133"}],"wp:term":[{"taxonomy":"product_cat","embeddable":true,"href":"https:\/\/cristalesbaires.com.ar\/index.php\/wp-json\/wp\/v2\/product_cat?post=133"},{"taxonomy":"product_tag","embeddable":true,"href":"https:\/\/cristalesbaires.com.ar\/index.php\/wp-json\/wp\/v2\/product_tag?post=133"}],"curies":[{"name":"wp","href":"https:\/\/api.w.org\/{rel}","templated":true}]}}