{"id":132,"date":"2023-08-01T09:18:58","date_gmt":"2023-08-01T12:18:58","guid":{"rendered":"https:\/\/cristalesbaires.com.ar\/?post_type=product&#038;p=132"},"modified":"2023-08-01T09:21:41","modified_gmt":"2023-08-01T12:21:41","slug":"altezza","status":"publish","type":"product","link":"https:\/\/cristalesbaires.com.ar\/index.php\/producto\/altezza\/","title":{"rendered":"Altezza"},"content":{"rendered":"\n<p>El dise\u00f1o de sus perfiles lo convierte en el sistema de alta prestaci\u00f3n ideal para aberturas de gran tama\u00f1o y resistencia a la carga del viento.<br>El movimiento corredizo con su exclusivo\u00a0<strong>mecanismo alzante<\/strong>\u00a0para puertas y ventanas otorga mayor hermeticidad a la abertura, gracias al cierre herm\u00e9tico con burletes y a la posibilidad de agregar puntos de cierre.<\/p>\n","protected":false},"excerpt":{"rendered":"<p>Tipolog\u00edas disponibles<br \/>\u203a Ventana desplazable<br \/>\u203a Puerta de rebatir de 1 y 2 hojas<br \/>\u203a Ventana de abrir 1 y 2 hojas \/ Oscilobatiente<br \/>\u203a Pa\u00f1o Fijo<br \/>\u203a Ventana y Puerta Corrediza Alzante New X<br \/>\u203a Ventana y Puerta Corrediza Alzante Gos-s<\/p>\n","protected":false},"featured_media":124,"comment_status":"open","ping_status":"closed","template":"","meta":{"_et_pb_use_builder":"","_et_pb_old_content":"","_et_gb_content_width":"","_joinchat":[]},"product_cat":[18],"product_tag":[],"class_list":["post-132","product","type-product","status-publish","has-post-thumbnail","hentry","product_cat-sin-categorizar"],"_links":{"self":[{"href":"https:\/\/cristalesbaires.com.ar\/index.php\/wp-json\/wp\/v2\/product\/132"}],"collection":[{"href":"https:\/\/cristalesbaires.com.ar\/index.php\/wp-json\/wp\/v2\/product"}],"about":[{"href":"https:\/\/cristalesbaires.com.ar\/index.php\/wp-json\/wp\/v2\/types\/product"}],"replies":[{"embeddable":true,"href":"https:\/\/cristalesbaires.com.ar\/index.php\/wp-json\/wp\/v2\/comments?post=132"}],"wp:featuredmedia":[{"embeddable":true,"href":"https:\/\/cristalesbaires.com.ar\/index.php\/wp-json\/wp\/v2\/media\/124"}],"wp:attachment":[{"href":"https:\/\/cristalesbaires.com.ar\/index.php\/wp-json\/wp\/v2\/media?parent=132"}],"wp:term":[{"taxonomy":"product_cat","embeddable":true,"href":"https:\/\/cristalesbaires.com.ar\/index.php\/wp-json\/wp\/v2\/product_cat?post=132"},{"taxonomy":"product_tag","embeddable":true,"href":"https:\/\/cristalesbaires.com.ar\/index.php\/wp-json\/wp\/v2\/product_tag?post=132"}],"curies":[{"name":"wp","href":"https:\/\/api.w.org\/{rel}","templated":true}]}}