{"id":131,"date":"2023-08-01T09:14:06","date_gmt":"2023-08-01T12:14:06","guid":{"rendered":"https:\/\/cristalesbaires.com.ar\/?post_type=product&#038;p=131"},"modified":"2025-07-28T04:54:37","modified_gmt":"2025-07-28T07:54:37","slug":"modena-rpt","status":"publish","type":"product","link":"https:\/\/cristalesbaires.com.ar\/index.php\/producto\/modena-rpt\/","title":{"rendered":"M\u00f3dena RPT"},"content":{"rendered":"\n<p><\/p>\n\n\n\n<p><strong>La superaci\u00f3n de un cl\u00e1sico<\/strong>.<\/p>\n\n\n\n<p>El sistema M\u00f3dena RPT brinda las ventajas y atributos del cl\u00e1sico y m\u00e1s utilizado sistema M\u00f3dena en cuanto a est\u00e9tica y hermeticidad, con el plus de aislaci\u00f3n t\u00e9rmica que brinda la tecnolog\u00eda Ruptura de Puente T\u00e9rmico (RPT). La versatilidad del sistema le permite adaptarse a todo tipo de proyectos con aberturas de tama\u00f1o standard y \u00f3ptima performance.<\/p>\n\n\n\n<p>El sistema incorpora la tecnolog\u00eda Ruptura de Puente T\u00e9rmico (RPT) para una mayor aislaci\u00f3n t\u00e9rmica.<\/p>\n\n\n\n<p>La RPT, interrumpe el contacto entre el aluminio exterior y el interior a trav\u00e9s de una varilla de poliamida, reduciendo la transmisi\u00f3n t\u00e9rmica, lo que permite obtener mayor nivel de aislaci\u00f3n, optimizando el ahorro energ\u00e9tico y cumpliendo con los valores m\u00e1ximos de la norma de etiquetado de ventanas.<\/p>\n","protected":false},"excerpt":{"rendered":"<p>Tipolog\u00edas disponibles<br \/>\u203a Ventana desplazable<br \/>\u203a Puerta de rebatir de 1 y 2 hojas<br \/>\u203a Ventana de abrir 1 y 2 hojas \/ Oscilobatiente<br \/>\u203a Pa\u00f1o Fijo<br \/>\u203a Ventana y Puerta Corrediza<\/p>\n","protected":false},"featured_media":128,"comment_status":"open","ping_status":"closed","template":"","meta":{"_et_pb_use_builder":"","_et_pb_old_content":"","_et_gb_content_width":"","_joinchat":[]},"product_cat":[18],"product_tag":[],"class_list":["post-131","product","type-product","status-publish","has-post-thumbnail","hentry","product_cat-sin-categorizar"],"_links":{"self":[{"href":"https:\/\/cristalesbaires.com.ar\/index.php\/wp-json\/wp\/v2\/product\/131"}],"collection":[{"href":"https:\/\/cristalesbaires.com.ar\/index.php\/wp-json\/wp\/v2\/product"}],"about":[{"href":"https:\/\/cristalesbaires.com.ar\/index.php\/wp-json\/wp\/v2\/types\/product"}],"replies":[{"embeddable":true,"href":"https:\/\/cristalesbaires.com.ar\/index.php\/wp-json\/wp\/v2\/comments?post=131"}],"wp:featuredmedia":[{"embeddable":true,"href":"https:\/\/cristalesbaires.com.ar\/index.php\/wp-json\/wp\/v2\/media\/128"}],"wp:attachment":[{"href":"https:\/\/cristalesbaires.com.ar\/index.php\/wp-json\/wp\/v2\/media?parent=131"}],"wp:term":[{"taxonomy":"product_cat","embeddable":true,"href":"https:\/\/cristalesbaires.com.ar\/index.php\/wp-json\/wp\/v2\/product_cat?post=131"},{"taxonomy":"product_tag","embeddable":true,"href":"https:\/\/cristalesbaires.com.ar\/index.php\/wp-json\/wp\/v2\/product_tag?post=131"}],"curies":[{"name":"wp","href":"https:\/\/api.w.org\/{rel}","templated":true}]}}