{"id":130,"date":"2023-08-01T08:33:50","date_gmt":"2023-08-01T11:33:50","guid":{"rendered":"https:\/\/cristalesbaires.com.ar\/?post_type=product&#038;p=130"},"modified":"2023-08-01T09:17:05","modified_gmt":"2023-08-01T12:17:05","slug":"a40-rpt-copia","status":"publish","type":"product","link":"https:\/\/cristalesbaires.com.ar\/index.php\/producto\/a40-rpt-copia\/","title":{"rendered":"A40 RPT"},"content":{"rendered":"\n<p>El dise\u00f1o de sus perfiles lo convierte en el sistema de alta prestaci\u00f3n ideal para aberturas de gran tama\u00f1o y resistencia a las cargas del viento.<br>El movimiento corredizo con su exclusivo&nbsp;<strong>mecanismo alzante<\/strong>&nbsp;para puertas y ventanas otorga mayor hermeticidad a la abertura, gracias al cierre herm\u00e9tico con burletes y a la posibilidad de agregar puntos de cierre.<\/p>\n\n\n\n<p>El sistema incorpora la tecnolog\u00eda&nbsp;<strong>Ruptura de Puente T\u00e9rmico<\/strong>&nbsp;(RPT) para una mayor aislaci\u00f3n t\u00e9rmica.<\/p>\n\n\n\n<p>La RPT, interrumpe el contacto entre el aluminio exterior y el interior a trav\u00e9s de una varilla de poliamida, reduciendo la transmisi\u00f3n t\u00e9rmica, lo que permite obtener mayor nivel de aislaci\u00f3n, optimizando el ahorro energ\u00e9tico y cumpliendo con los valores m\u00e1ximos de la norma de etiquetado de ventanas.<\/p>\n\n\n\n<p><strong>Un paso adelante en aislaci\u00f3n t\u00e9rmica<\/strong>.<\/p>\n\n\n\n<p>Este sistema de alta prestaci\u00f3n reemplaza al tradicional sistema A30New RPT. Con un innovador dise\u00f1o minimalista de bordes rectos A40 RPT es una l\u00ednea de alta gama que permite aberturas de gran tama\u00f1o y versatilidad, siendo ideal para ser utilizada tanto en viviendas como en altura. A40 RPT utiliza accesorios de alta calidad que le brinda excelente maniobrabilidad, dise\u00f1o y \u00f3ptimo funcionamiento.<\/p>\n\n\n\n<p>El sistema incorpora la tecnolog\u00eda&nbsp;<strong>Ruptura de Puente T\u00e9rmico<\/strong>&nbsp;(RPT) para una mayor aislaci\u00f3n t\u00e9rmica.<\/p>\n\n\n\n<p>La RPT, interrumpe el contacto entre el aluminio exterior y el interior a trav\u00e9s de una varilla de poliamida, reduciendo la transmisi\u00f3n t\u00e9rmica, lo que permite obtener mayor nivel de aislaci\u00f3n, optimizando el ahorro energ\u00e9tico y cumpliendo con los valores m\u00e1ximos de la norma de etiquetado de ventanas.<\/p>\n","protected":false},"excerpt":{"rendered":"<p>Tipolog\u00edas disponibles <br \/>\u203a Ventana desplazable <br \/>\u203a Ventana de abrir 1 y 2 hojas \/ Oscilobatiente <br \/>\u203a Ventana y puerta Corrediza <br \/>\u203a Pa\u00f1o Fijo <br \/>\u203a Puerta de Rebatir 1 y 2 hojas \/ Plegadiza<\/p>\n","protected":false},"featured_media":123,"comment_status":"open","ping_status":"closed","template":"","meta":{"_et_pb_use_builder":"","_et_pb_old_content":"","_et_gb_content_width":"","_joinchat":[]},"product_cat":[18],"product_tag":[],"class_list":["post-130","product","type-product","status-publish","has-post-thumbnail","hentry","product_cat-sin-categorizar"],"_links":{"self":[{"href":"https:\/\/cristalesbaires.com.ar\/index.php\/wp-json\/wp\/v2\/product\/130"}],"collection":[{"href":"https:\/\/cristalesbaires.com.ar\/index.php\/wp-json\/wp\/v2\/product"}],"about":[{"href":"https:\/\/cristalesbaires.com.ar\/index.php\/wp-json\/wp\/v2\/types\/product"}],"replies":[{"embeddable":true,"href":"https:\/\/cristalesbaires.com.ar\/index.php\/wp-json\/wp\/v2\/comments?post=130"}],"wp:featuredmedia":[{"embeddable":true,"href":"https:\/\/cristalesbaires.com.ar\/index.php\/wp-json\/wp\/v2\/media\/123"}],"wp:attachment":[{"href":"https:\/\/cristalesbaires.com.ar\/index.php\/wp-json\/wp\/v2\/media?parent=130"}],"wp:term":[{"taxonomy":"product_cat","embeddable":true,"href":"https:\/\/cristalesbaires.com.ar\/index.php\/wp-json\/wp\/v2\/product_cat?post=130"},{"taxonomy":"product_tag","embeddable":true,"href":"https:\/\/cristalesbaires.com.ar\/index.php\/wp-json\/wp\/v2\/product_tag?post=130"}],"curies":[{"name":"wp","href":"https:\/\/api.w.org\/{rel}","templated":true}]}}