{"id":119,"date":"2023-08-01T08:27:25","date_gmt":"2023-08-01T11:27:25","guid":{"rendered":"https:\/\/cristalesbaires.com.ar\/?post_type=product&#038;p=119"},"modified":"2023-08-01T08:30:18","modified_gmt":"2023-08-01T11:30:18","slug":"altezza-rpt","status":"publish","type":"product","link":"https:\/\/cristalesbaires.com.ar\/index.php\/producto\/altezza-rpt\/","title":{"rendered":"Altezza RPT"},"content":{"rendered":"\n<p><strong>Tecnolog\u00eda en avance<\/strong><\/p>\n\n\n\n<p>El dise\u00f1o de sus perfiles lo convierte en el sistema de alta prestaci\u00f3n ideal para aberturas de gran tama\u00f1o y resistencia a las cargas del viento.<br>El movimiento corredizo con su exclusivo&nbsp;<strong>mecanismo alzante<\/strong>&nbsp;para puertas y ventanas otorga mayor hermeticidad a la abertura, gracias al cierre herm\u00e9tico con burletes y a la posibilidad de agregar puntos de cierre.<\/p>\n\n\n\n<p>El sistema incorpora la tecnolog\u00eda&nbsp;<strong>Ruptura de Puente T\u00e9rmico<\/strong>&nbsp;(RPT) para una mayor aislaci\u00f3n t\u00e9rmica.<\/p>\n\n\n\n<p>La RPT, interrumpe el contacto entre el aluminio exterior y el interior a trav\u00e9s de una varilla de poliamida, reduciendo la transmisi\u00f3n t\u00e9rmica, lo que permite obtener mayor nivel de aislaci\u00f3n, optimizando el ahorro energ\u00e9tico y cumpliendo con los valores m\u00e1ximos de la norma de etiquetado de ventanas.<\/p>\n","protected":false},"excerpt":{"rendered":"<p>Tipolog\u00edas disponibles<br \/>\u203a\u00a0<a href=\"https:\/\/aluar.com.ar\/tipologias\">Ventana desplazable<\/a><br \/>\u203a\u00a0<a href=\"https:\/\/aluar.com.ar\/tipologias\">Puerta de rebatir de 1 y 2 hojas<\/a><br \/>\u203a\u00a0<a href=\"https:\/\/aluar.com.ar\/tipologias\">Ventana de abrir 1 y 2 hojas \/ Oscilobatiente<\/a><br \/>\u203a\u00a0<a href=\"https:\/\/aluar.com.ar\/tipologias\">Pa\u00f1o Fijo<\/a><br \/>\u203a\u00a0<a href=\"https:\/\/aluar.com.ar\/tipologias\">Ventana y Puerta Corrediza Alzante Gos-s<\/a><\/p>\n","protected":false},"featured_media":120,"comment_status":"open","ping_status":"closed","template":"","meta":{"_et_pb_use_builder":"","_et_pb_old_content":"","_et_gb_content_width":"","_joinchat":[]},"product_cat":[18],"product_tag":[],"class_list":["post-119","product","type-product","status-publish","has-post-thumbnail","hentry","product_cat-sin-categorizar"],"_links":{"self":[{"href":"https:\/\/cristalesbaires.com.ar\/index.php\/wp-json\/wp\/v2\/product\/119"}],"collection":[{"href":"https:\/\/cristalesbaires.com.ar\/index.php\/wp-json\/wp\/v2\/product"}],"about":[{"href":"https:\/\/cristalesbaires.com.ar\/index.php\/wp-json\/wp\/v2\/types\/product"}],"replies":[{"embeddable":true,"href":"https:\/\/cristalesbaires.com.ar\/index.php\/wp-json\/wp\/v2\/comments?post=119"}],"wp:featuredmedia":[{"embeddable":true,"href":"https:\/\/cristalesbaires.com.ar\/index.php\/wp-json\/wp\/v2\/media\/120"}],"wp:attachment":[{"href":"https:\/\/cristalesbaires.com.ar\/index.php\/wp-json\/wp\/v2\/media?parent=119"}],"wp:term":[{"taxonomy":"product_cat","embeddable":true,"href":"https:\/\/cristalesbaires.com.ar\/index.php\/wp-json\/wp\/v2\/product_cat?post=119"},{"taxonomy":"product_tag","embeddable":true,"href":"https:\/\/cristalesbaires.com.ar\/index.php\/wp-json\/wp\/v2\/product_tag?post=119"}],"curies":[{"name":"wp","href":"https:\/\/api.w.org\/{rel}","templated":true}]}}